{"id":10051,"date":"2021-01-25T09:20:26","date_gmt":"2021-01-25T02:20:26","guid":{"rendered":"https:\/\/3adesign.vn\/lien-he\/"},"modified":"2022-05-11T14:39:13","modified_gmt":"2022-05-11T07:39:13","slug":"lien-he","status":"publish","type":"page","link":"https:\/\/hdvina.vn\/en\/lien-he\/","title":{"rendered":"Li\u00ean H\u1ec7"},"content":{"rendered":"","protected":false},"excerpt":{"rendered":"","protected":false},"author":2,"featured_media":0,"parent":0,"menu_order":0,"comment_status":"closed","ping_status":"closed","template":"templates\/contact.php","meta":[],"yoast_head":"<!-- This site is optimized with the Yoast SEO plugin v15.6.2 - https:\/\/yoast.com\/wordpress\/plugins\/seo\/ -->\n<title>Li\u00ean H\u1ec7 - HD VINA<\/title>\n<meta name=\"description\" content=\"Qu\u00fd kh\u00e1ch c\u00f3 b\u1ea5t k\u1ef3 c\u00e2u h\u1ecfi hay y\u00eau c\u1ea7u v\u1ec1 d\u1ecbch v\u1ee5, vui l\u00f2ng li\u00ean h\u00ea\u0323 v\u01a1\u0301i chung t\u00f4i theo hotline 0965 176 979 \u0111\u00ea\u0309 \u0111\u01b0\u01a1\u0323c h\u00f4\u0303 tr\u01a1\u0323 t\u01b0 v\u00e2\u0301n\" \/>\n<meta name=\"robots\" content=\"index, follow, max-snippet:-1, max-image-preview:large, max-video-preview:-1\" \/>\n<link rel=\"canonical\" href=\"https:\/\/hdvina.vn\/en\/lien-he\/\" \/>\n<meta property=\"og:locale\" content=\"en_US\" \/>\n<meta property=\"og:type\" content=\"article\" \/>\n<meta property=\"og:title\" content=\"Li\u00ean H\u1ec7 - HD VINA\" \/>\n<meta property=\"og:description\" content=\"Qu\u00fd kh\u00e1ch c\u00f3 b\u1ea5t k\u1ef3 c\u00e2u h\u1ecfi hay y\u00eau c\u1ea7u v\u1ec1 d\u1ecbch v\u1ee5, vui l\u00f2ng li\u00ean h\u00ea\u0323 v\u01a1\u0301i chung t\u00f4i theo hotline 0965 176 979 \u0111\u00ea\u0309 \u0111\u01b0\u01a1\u0323c h\u00f4\u0303 tr\u01a1\u0323 t\u01b0 v\u00e2\u0301n\" \/>\n<meta property=\"og:url\" content=\"https:\/\/hdvina.vn\/en\/lien-he\/\" \/>\n<meta property=\"og:site_name\" content=\"HD VINA\" \/>\n<meta property=\"article:modified_time\" content=\"2022-05-11T07:39:13+00:00\" \/>\n<meta name=\"twitter:card\" content=\"summary_large_image\" \/>\n<script type=\"application\/ld+json\" class=\"yoast-schema-graph\">{\"@context\":\"https:\/\/schema.org\",\"@graph\":[{\"@type\":\"WebSite\",\"@id\":\"https:\/\/hdvina.vn\/#website\",\"url\":\"https:\/\/hdvina.vn\/\",\"name\":\"HD VINA\",\"description\":\"\",\"potentialAction\":[{\"@type\":\"SearchAction\",\"target\":\"https:\/\/hdvina.vn\/?s={search_term_string}\",\"query-input\":\"required name=search_term_string\"}],\"inLanguage\":\"en\"},{\"@type\":\"WebPage\",\"@id\":\"https:\/\/hdvina.vn\/en\/lien-he\/#webpage\",\"url\":\"https:\/\/hdvina.vn\/en\/lien-he\/\",\"name\":\"Li\\u00ean H\\u1ec7 - HD VINA\",\"isPartOf\":{\"@id\":\"https:\/\/hdvina.vn\/#website\"},\"datePublished\":\"2021-01-25T02:20:26+00:00\",\"dateModified\":\"2022-05-11T07:39:13+00:00\",\"description\":\"Qu\\u00fd kh\\u00e1ch c\\u00f3 b\\u1ea5t k\\u1ef3 c\\u00e2u h\\u1ecfi hay y\\u00eau c\\u1ea7u v\\u1ec1 d\\u1ecbch v\\u1ee5, vui l\\u00f2ng li\\u00ean h\\u00ea\\u0323 v\\u01a1\\u0301i chung t\\u00f4i theo hotline 0965 176 979 \\u0111\\u00ea\\u0309 \\u0111\\u01b0\\u01a1\\u0323c h\\u00f4\\u0303 tr\\u01a1\\u0323 t\\u01b0 v\\u00e2\\u0301n\",\"inLanguage\":\"en\",\"potentialAction\":[{\"@type\":\"ReadAction\",\"target\":[\"https:\/\/hdvina.vn\/en\/lien-he\/\"]}]}]}<\/script>\n<!-- \/ Yoast SEO plugin. -->","_links":{"self":[{"href":"https:\/\/hdvina.vn\/en\/wp-json\/wp\/v2\/pages\/10051"}],"collection":[{"href":"https:\/\/hdvina.vn\/en\/wp-json\/wp\/v2\/pages"}],"about":[{"href":"https:\/\/hdvina.vn\/en\/wp-json\/wp\/v2\/types\/page"}],"author":[{"embeddable":true,"href":"https:\/\/hdvina.vn\/en\/wp-json\/wp\/v2\/users\/2"}],"replies":[{"embeddable":true,"href":"https:\/\/hdvina.vn\/en\/wp-json\/wp\/v2\/comments?post=10051"}],"version-history":[{"count":5,"href":"https:\/\/hdvina.vn\/en\/wp-json\/wp\/v2\/pages\/10051\/revisions"}],"predecessor-version":[{"id":16013,"href":"https:\/\/hdvina.vn\/en\/wp-json\/wp\/v2\/pages\/10051\/revisions\/16013"}],"wp:attachment":[{"href":"https:\/\/hdvina.vn\/en\/wp-json\/wp\/v2\/media?parent=10051"}],"curies":[{"name":"wp","href":"https:\/\/api.w.org\/{rel}","templated":true}]}}